{"id":6035,"date":"2023-03-06T15:25:23","date_gmt":"2023-03-06T14:25:23","guid":{"rendered":"https:\/\/join-nxtgn.com\/?page_id=6035"},"modified":"2024-12-09T13:23:32","modified_gmt":"2024-12-09T12:23:32","slug":"cpp-login","status":"publish","type":"page","link":"https:\/\/join-nxtgn.com\/en\/cpp-login\/","title":{"rendered":"Corporate Member Portal Login"},"content":{"rendered":"<div class=\"wp-block-stackable-columns alignfull stk-block-columns stk-block stk-6799ec4 stk-block-background\" data-block-id=\"6799ec4\"><style>.stk-6799ec4{background-color:var(--theme-palette-color-2,#ffffff) !important;padding-top:0px !important;padding-right:0px !important;padding-bottom:0px !important;padding-left:0px !important;margin-top:0px !important;margin-right:auto !important;margin-bottom:0px !important;margin-left:auto !important}.stk-6799ec4:before{background-color:var(--theme-palette-color-2,#ffffff) !important}<\/style><div class=\"stk-row stk-inner-blocks stk-block-content stk-content-align stk-6799ec4-column alignfull\">\n<div class=\"wp-block-stackable-column stk-block-column stk-column stk-block stk-5258e61\" data-v=\"4\" data-block-id=\"5258e61\"><style>.stk-5258e61-inner-blocks{justify-content:center !important}.stk-5258e61{max-width:1392px !important;padding-right:50px !important;padding-left:50px !important;margin-top:250px !important;margin-right:auto !important;margin-bottom:30px !important;margin-left:auto !important}.stk-5258e61-container{padding-top:0px !important;padding-right:0px !important;padding-bottom:0px !important;padding-left:0px !important}@media screen and (max-width:767px){.stk-5258e61{padding-right:15px !important;padding-left:15px !important;margin-top:150px !important}}<\/style><div class=\"stk-column-wrapper stk-block-column__content stk-container stk-5258e61-container stk--no-background stk--no-padding\"><div class=\"has-text-align-left stk--column-flex stk-block-content stk-inner-blocks stk-5258e61-inner-blocks\">\n<div class=\"wp-block-stackable-icon-box stk-block-icon-box stk-block stk-d728497\" data-v=\"2\" data-block-id=\"d728497\"><style>.stk-d728497{padding-top:0px !important;padding-right:0px !important;padding-bottom:0px !important;padding-left:0px !important;margin-top:0px !important;margin-right:0px !important;margin-bottom:0px !important;margin-left:0px !important}.stk-d728497 .stk-block-icon-box__content{padding-bottom:50px !important}@media screen and (max-width:1023px){.stk-d728497 .stk-block-icon-box__content{padding-bottom:10px !important}}<\/style><div class=\"stk-block-content stk-inner-blocks stk-block-icon-box__content stk-container stk-d728497-container stk--no-background stk--no-padding\">\n<div class=\"wp-block-stackable-icon-label stk-block-icon-label stk-block-icon-label--use-flex-basis stk-block stk-34dcf0c\" data-block-id=\"34dcf0c\"><style>.stk-34dcf0c .stk-block-icon{flex-basis:30px !important}<\/style><div class=\"stk-row stk-inner-blocks stk-block-content\">\n<div class=\"wp-block-stackable-icon stk-block-icon has-text-align-left stk-block stk-511cfe8\" data-block-id=\"511cfe8\"><style>.stk-511cfe8 .stk--svg-wrapper .stk--inner-svg svg:last-child{height:20px !important;width:20px !important}.stk-511cfe8 .stk--svg-wrapper .stk--inner-svg svg:last-child,.stk-511cfe8 .stk--svg-wrapper .stk--inner-svg svg:last-child :is(g,path,rect,polygon,ellipse){fill:var(--theme-palette-color-1,#e4368c) !important}<\/style><span class=\"stk--svg-wrapper\"><div class=\"stk--inner-svg\"><svg style=\"height:0;width:0\" data-no-translation=\"\"><defs><lineargradient id=\"linear-gradient-511cfe8\" x1=\"0\" x2=\"100%\" y1=\"0\" y2=\"0\"><stop offset=\"0%\" style=\"stop-opacity:1;stop-color:var(--linear-gradient-511-cfe-8-color-1)\"><\/stop><stop offset=\"100%\" style=\"stop-opacity:1;stop-color:var(--linear-gradient-511-cfe-8-color-2)\"><\/stop><\/lineargradient><\/defs><\/svg><svg class=\"ugb-custom-icon\" width=\"32\" height=\"32\" viewbox=\"0 0 19 19\" xmlns=\"https:\/\/www.w3.org\/2000\/svg\" aria-hidden=\"true\" data-no-translation=\"\">\n\n<path d=\"M9 6L5 9.5L9 13\"><\/path>\n<path d=\"M6 9.5H14.5\"><\/path>\n<\/svg><\/div><\/span><\/div>\n\n\n\n<div class=\"wp-block-stackable-heading stk-block-heading stk-block-heading--v2 stk-block stk-0a0909d\" id=\"kein-corporate-zuruck-zur-auswahl\" data-block-id=\"0a0909d\"><style>.stk-0a0909d .stk-block-heading__text{color:var(--theme-palette-color-1,#e4368c) !important;font-weight:700 !important;font-family:\"Montserrat\",Sans-serif !important}@media screen and (max-width:767px){.stk-0a0909d .stk-block-heading__text{font-size:16px !important}}<\/style><h6 class=\"stk-block-heading__text has-text-color\">No corporate? Back to the selection<\/h6><\/div>\n<\/div><\/div>\n<a class=\"stk-link stk-block-link stk--transparent-overlay\" href=\"https:\/\/join-nxtgn.com\/en\/login\/\" aria-hidden=\"true\" tabindex=\"-1\"><\/a><\/div><\/div>\n\n\n\n<div class=\"wp-block-stackable-heading alignfull stk-block-heading stk-block-heading--v2 stk-block stk-bfa8e8e\" id=\"login-corporate-member-portal\" data-block-id=\"bfa8e8e\"><style>.stk-bfa8e8e{max-width:800px !important;padding-top:0px !important;padding-right:0px !important;padding-bottom:0px !important;padding-left:0px !important;margin-top:0px !important;margin-right:auto !important;margin-bottom:0px !important;margin-left:0px !important}@media screen and (max-width:1023px){.stk-bfa8e8e{margin-bottom:27px !important}}@media screen and (max-width:767px){.stk-bfa8e8e{margin-bottom:25px !important}}<\/style><h4 class=\"stk-block-heading__text has-text-align-left\">Login Corporate Member Portal<\/h4><\/div>\n<\/div><\/div><\/div>\n<\/div><\/div>\n\n\n\n<div class=\"wp-block-stackable-columns alignfull stk-block-columns stk-block stk-b6159ac stk-block-background\" data-block-id=\"b6159ac\"><style>.stk-b6159ac{background-color:var(--theme-palette-color-2,#ffffff) !important;padding-right:0px !important;padding-bottom:0px !important;padding-left:0px !important}.stk-b6159ac:before{background-color:var(--theme-palette-color-2,#ffffff) !important}<\/style><div class=\"stk-row stk-inner-blocks stk-block-content stk-content-align stk-b6159ac-column alignfull\">\n<div class=\"wp-block-stackable-column stk-block-column stk-column stk-block stk-bd28f98\" data-v=\"4\" data-block-id=\"bd28f98\"><style>.stk-bd28f98{max-width:1392px !important;padding-right:50px !important;padding-bottom:150px !important;padding-left:50px !important;margin-right:auto !important;margin-left:auto !important}@media screen and (max-width:767px){.stk-bd28f98{padding-right:15px !important;padding-left:15px !important}}<\/style><div class=\"stk-column-wrapper stk-block-column__content stk-container stk-bd28f98-container stk--no-background stk--no-padding\"><div class=\"stk-block-content stk-inner-blocks stk-bd28f98-inner-blocks\">\n<div class=\"wp-block-stackable-columns stk-block-columns stk-block stk-7d81859\" data-block-id=\"7d81859\"><style>.stk-7d81859{padding-top:0px !important;margin-top:20px !important}.stk-7d81859-column{--stk-column-gap:25px !important;row-gap:25px !important}<\/style><div class=\"stk-row stk-inner-blocks stk-block-content stk-content-align stk-7d81859-column\">\n<div class=\"wp-block-stackable-column stk-block-column stk-column stk-block stk-8b04d1c stk-block-background cppLoginForm\" data-v=\"4\" data-block-id=\"8b04d1c\"><style>.stk-8b04d1c{background-color:var(--theme-palette-color-8,#f6f4f0) !important}.stk-8b04d1c:before{background-color:var(--theme-palette-color-8,#f6f4f0) !important}<\/style><div class=\"stk-column-wrapper stk-block-column__content stk-container stk-8b04d1c-container stk--no-background stk--no-padding\"><div class=\"stk-block-content stk-inner-blocks stk-8b04d1c-inner-blocks\">\t<style>\r\n\t\t#passwort-vergessen-oder-noch-keinen-zugang-fur-das-corporate-portal-erhalten{\r\n\t\t\tdisplay:none;\r\n\t\t}\r\n\t<\/style>\r\n\t<b style='color:green;display:none !important;' id=\"success_alert\"><\/b>\r\n\t<b style='display:none;' id=\"logged_in_msg\">You are already logged in.<\/b>\r\n\t<b style='color:red;display:none !important;' id=\"error_alert\">Invalid Password !<\/b>\r\n\t\t<div id=\"weiter_btn_container\"><\/div>\r\n\t\t<div id=\"login_form_container\" style=\"display:none;\">\r\n\t\t\t\t<div class=\"input-password-field\">\r\n\t\t\t\t <input type=\"password\" id=\"password_corporate\" name=\"password_corporate\" class=\"input-password\" placeholder=\"password\" required>\r\n\t\t\t\t <p id=\"pass_alert\" style=\"color:red;display:none;\">Please enter password !<\/p>\r\n\t\t\t\t<\/div>\r\n\t\t\t\t<br>\r\n\t\t\t\t<div class=\"input-submit-field\">\r\n\t\t\t\t\t<button type=\"submit\" id=\"corporate_login_submit\" name=\"corporate_login_submit\" class=\"submit-btn\">Log in<\/button>\r\n\t\t\t\t<\/div>\r\n\t\t<\/div>\r\n<script>\r\njQuery( document ).ready(function() {\r\n\tjQuery('a.ct-button-ghost.header-button-contact').hide();\r\n\t\/\/check session\r\n\tjQuery.ajax({\r\n\t    type: 'POST',\r\n\t    url: 'https:\/\/join-nxtgn.com\/wp-admin\/admin-ajax.php',\r\n\t    dataType: 'html',\r\n\t\t\t  data: {password:'0',action: \"cs_check_session\"} ,\r\n\t    success: function(res){\r\n\t      if(res=='1'){\r\n\t\t\t jQuery('#logged_in_msg').show();\r\n\t\t\t  jQuery(\"#weiter_btn_container\").html(\"<a href='https:\/\/join-nxtgn.com\/cpp' id='weiter_btn'>Weiter<\/a>\");\r\n\t\t\t jQuery(\"#login_form_container\").hide(); \r\n\t\t\t jQuery(\"#passwort-vergessen-oder-noch-keinen-zugang-fur-das-corporate-portal-erhalten\").hide(); \r\n\t        \/\/location.replace(\"https:\/\/join-nxtgn.com\/cpp\");\r\n\t      }else{\r\n\t\t\t  jQuery('#logged_in_msg').hide();\r\n\t\t\tjQuery(\"#login_form_container\").show(); \r\n\t\t\tjQuery(\"#passwort-vergessen-oder-noch-keinen-zugang-fur-das-corporate-portal-erhalten\").show(); \r\n\t\t  }\r\n\t    }\r\n\t });\r\n\t\/\/check session\r\n\t\r\n    jQuery(\"#corporate_login_submit\").click(function(){\r\n\t   var pass = jQuery(\"#password_corporate\").val();\r\n\t   if(pass==\"\"){\r\n\t\t  jQuery(\"#pass_alert\").show();\r\n\t   }else{\r\n\t\t  jQuery(\"#pass_alert\").hide(); \r\n\t\t  jQuery.ajax({\r\n\t\t\t  type: 'POST',\r\n\t\t\t  url: 'https:\/\/join-nxtgn.com\/wp-admin\/admin-ajax.php',\r\n\t\t\t  dataType: 'html',\r\n\t\t\t  data: {password:pass,action: \"cs_check_login\"} ,\r\n\t\t\t  success: function(res){\r\n\t\t\t\t if(res=='1'){\r\n\t\t\t\t\tjQuery(\"#success_alert\").hide();\r\n\t\t\t\t\t\/\/ jQuery('#logged_in_msg').show();\r\n\t\t\t\t\tjQuery(\"#error_alert\").hide(); \r\n\t\t\t\t\t\/\/jQuery(\"#weiter_btn_container\").html(\"<a href='https:\/\/join-nxtgn.com\/cpp' id='weiter_btn'>Weiter<\/a>\");\r\n\t\t\t\t\tjQuery(\"#login_form_container\").hide(); \r\n\t\t\t\t\tjQuery(\"#passwort-vergessen-oder-noch-keinen-zugang-fur-das-corporate-portal-erhalten\").hide(); \r\n\t\t\t\t\tjQuery(\"#custom-login-btn\").hide();\r\n\t\t\t\t\tlocation.replace(\"https:\/\/join-nxtgn.com\/cpp\");\r\n\t\t\t\t }else{\r\n\t\t\t\t\tjQuery(\"#success_alert\").hide();\r\n\t\t\t\t\tjQuery('#logged_in_msg').hide();\r\n\r\n\t\t\t\t\tjQuery(\"#error_alert\").show();\r\n\t\t\t\t\tjQuery(\"#login_form_container\").show(); \r\n\t\t\t\t\tjQuery(\"#passwort-vergessen-oder-noch-keinen-zugang-fur-das-corporate-portal-erhalten\").show(); \r\n\t\t\t\t }\r\n\t\t\t  }\r\n\t\t  });\r\n\t   }\r\n  });\r\n});\r\n<\/script>\r\n\n\n\n\n<div class=\"wp-block-stackable-text stk-block-text stk-block stk-8fd9bcc\" id=\"passwort-vergessen-oder-noch-keinen-zugang-fur-das-corporate-portal-erhalten\" data-block-id=\"8fd9bcc\"><style>.stk-8fd9bcc .stk-block-text__text{color:#00000099 !important}@media screen and (max-width:767px){.stk-8fd9bcc .stk-block-text__text{font-size:16px !important}}<\/style><p class=\"stk-block-text__text has-text-color has-text-align-left\">Forgotten your password or not yet received access to the Corporate Portal? Then contact us!<\/p><\/div>\n<\/div><\/div><\/div>\n\n\n\n<div class=\"wp-block-stackable-column stk-block-column stk-column stk-block stk-7ddc0f2 stk-block-background\" data-v=\"4\" data-block-id=\"7ddc0f2\"><style>.stk-7ddc0f2{background-color:var(--theme-palette-color-2,#ffffff) !important;border-radius:1px !important;overflow:hidden !important;border-style:solid !important;border-color:var(--theme-palette-color-8,#f6f4f0) !important}.stk-7ddc0f2:before{background-color:var(--theme-palette-color-2,#ffffff) !important}@media screen and (max-width:767px){.stk-7ddc0f2-container{padding-top:0px !important;padding-right:0px !important;padding-bottom:0px !important;padding-left:0px !important}}<\/style><div class=\"stk-column-wrapper stk-block-column__content stk-container stk-7ddc0f2-container stk--no-background stk--no-padding\"><div class=\"stk-block-content stk-inner-blocks stk-7ddc0f2-inner-blocks\">\n<div class=\"wp-block-stackable-team-member stk-block-team-member stk-block stk-38f9f39 is-style-plain\" data-v=\"2\" data-block-id=\"38f9f39\"><div class=\"stk-block-team-member__content stk-content-align stk-38f9f39-column stk-container stk-38f9f39-container stk--no-background stk--no-padding\"><div class=\"stk-block-content stk-inner-blocks has-text-align-left stk-38f9f39-inner-blocks\">\n<div class=\"wp-block-stackable-image stk-block-image stk-block stk-7012961\" data-block-id=\"7012961\"><style>.stk-7012961 .stk-img-wrapper{width:20% !important}.stk-7012961 .stk-img-wrapper img{border-radius:10px !important}@media screen and (max-width:1023px){.stk-7012961 .stk-img-wrapper{width:60% !important}}<\/style><figure><span class=\"stk-img-wrapper stk-image--shape-stretch\"><img loading=\"lazy\" decoding=\"async\" class=\"stk-img wp-image-33220\" src=\"https:\/\/join-nxtgn.com\/wp-content\/uploads\/sites\/6\/2024\/11\/NXTGN_NicoBuehler_1-1-scaled.jpeg\" width=\"2560\" height=\"2560\" alt=\"Nico B\u00fchler\" srcset=\"https:\/\/join-nxtgn.com\/wp-content\/uploads\/sites\/6\/2024\/11\/NXTGN_NicoBuehler_1-1-scaled.jpeg 2560w, https:\/\/join-nxtgn.com\/wp-content\/uploads\/sites\/6\/2024\/11\/NXTGN_NicoBuehler_1-1-300x300.jpeg 300w, https:\/\/join-nxtgn.com\/wp-content\/uploads\/sites\/6\/2024\/11\/NXTGN_NicoBuehler_1-1-1024x1024.jpeg 1024w, https:\/\/join-nxtgn.com\/wp-content\/uploads\/sites\/6\/2024\/11\/NXTGN_NicoBuehler_1-1-150x150.jpeg 150w, https:\/\/join-nxtgn.com\/wp-content\/uploads\/sites\/6\/2024\/11\/NXTGN_NicoBuehler_1-1-768x768.jpeg 768w, https:\/\/join-nxtgn.com\/wp-content\/uploads\/sites\/6\/2024\/11\/NXTGN_NicoBuehler_1-1-1536x1536.jpeg 1536w, https:\/\/join-nxtgn.com\/wp-content\/uploads\/sites\/6\/2024\/11\/NXTGN_NicoBuehler_1-1-2048x2048.jpeg 2048w, https:\/\/join-nxtgn.com\/wp-content\/uploads\/sites\/6\/2024\/11\/NXTGN_NicoBuehler_1-1-250x250.jpeg 250w, https:\/\/join-nxtgn.com\/wp-content\/uploads\/sites\/6\/2024\/11\/NXTGN_NicoBuehler_1-1-800x800.jpeg 800w\" sizes=\"auto, (max-width: 2560px) 100vw, 2560px\" \/><\/span><\/figure><\/div>\n\n\n\n<div class=\"wp-block-stackable-heading stk-block-heading stk-block-heading--v2 stk-block stk-13b0b8a\" id=\"nico-buhler\" data-block-id=\"13b0b8a\"><style>.stk-13b0b8a{padding-top:0px !important;padding-right:0px !important;padding-bottom:5px !important;padding-left:0px !important;margin-top:0px !important;margin-right:0px !important;margin-bottom:0px !important;margin-left:0px !important}<\/style><h4 class=\"stk-block-heading__text\">Nico B\u00fchler<\/h4><\/div>\n\n\n\n<div class=\"wp-block-stackable-subtitle stk-block-subtitle stk-block stk-510ca5c\" data-block-id=\"510ca5c\"><style>.stk-510ca5c{padding-top:0px !important;padding-right:0px !important;padding-bottom:10px !important;padding-left:0px !important;margin-top:0px !important;margin-right:0px !important;margin-bottom:0px !important;margin-left:0px !important}<\/style><p class=\"stk-block-subtitle__text stk-subtitle\">Head of Corporate Membership<\/p><\/div>\n\n\n\n<div class=\"wp-block-stackable-button-group stk-block-button-group stk-block stk-5723b1e\" data-block-id=\"5723b1e\"><div class=\"stk-row stk-inner-blocks stk-block-content stk-button-group\">\n<div class=\"wp-block-stackable-button stk-block-button is-style-link stk-block stk-f6a9984\" data-block-id=\"f6a9984\"><style>.stk-f6a9984 .stk-button .stk--inner-svg svg:last-child{height:20px !important;width:20px !important;margin-inline-end:5px !important}.stk-f6a9984 .stk-button__inner-text{font-weight:bold !important}<\/style><style class=\"stk-custom-css\">.stk-f6a9984 .stk--svg-wrapper,.stk-f6a9984 .stk-button__inner-text{vertical-align:middle !important}<\/style><a class=\"stk-link stk-button stk--hover-effect-darken\" href=\"mailto:nico.buehler@join-nxtgn.com\u200b\"><span class=\"stk--svg-wrapper\"><div class=\"stk--inner-svg\"><svg class=\"ugb-custom-icon\" width=\"32\" height=\"32\" viewbox=\"0 0 28 28\" fill=\"none\" xmlns=\"https:\/\/www.w3.org\/2000\/svg\" aria-hidden=\"true\" data-no-translation=\"\">\n<circle cx=\"13.9771\" cy=\"14.2793\" r=\"9.5\" transform=\"rotate(135 13.9771 14.2793)\" fill=\"#E4368C\"><\/circle>\n<path d=\"M16.8054 16.4007L17.1589 11.0974L11.8556 11.4509\" stroke=\"white\" stroke-width=\"2\" stroke-linecap=\"square\"><\/path>\n<path d=\"M16.4521 11.8047L10.4417 17.8151\" stroke=\"white\" stroke-width=\"2\" stroke-linecap=\"square\"><\/path>\n<\/svg><\/div><\/span><span class=\"stk-button__inner-text\">nico.buehler@join-nxtgn.com\u200b<\/span><\/a><\/div>\n<\/div><\/div>\n<\/div><\/div><\/div>\n<\/div><\/div><\/div>\n<\/div><\/div>\n<\/div><\/div><\/div>\n<\/div><\/div>","protected":false},"excerpt":{"rendered":"<p>Kein Corporate? Zur\u00fcck zur Auswahl Login Corporate Member Portal Passwort vergessen oder noch keinen Zugang f\u00fcr das Corporate Portal erhalten? Dann kontaktiere uns! Nico B\u00fchler Head of Corporate Membership nico.buehler@join-nxtgn.com\u200b<\/p>","protected":false},"author":1,"featured_media":0,"parent":0,"menu_order":0,"comment_status":"closed","ping_status":"closed","template":"","meta":{"_acf_changed":false,"_tec_requires_first_save":true,"_EventAllDay":false,"_EventTimezone":"","_EventStartDate":"","_EventEndDate":"","_EventStartDateUTC":"","_EventEndDateUTC":"","_EventShowMap":false,"_EventShowMapLink":false,"_EventURL":"","_EventCost":"","_EventCostDescription":"","_EventCurrencySymbol":"","_EventCurrencyCode":"","_EventCurrencyPosition":"","_EventDateTimeSeparator":"","_EventTimeRangeSeparator":"","_EventOrganizerID":[],"_EventVenueID":[],"_OrganizerEmail":"","_OrganizerPhone":"","_OrganizerWebsite":"","_VenueAddress":"","_VenueCity":"","_VenueCountry":"","_VenueProvince":"","_VenueState":"","_VenueZip":"","_VenuePhone":"","_VenueURL":"","_VenueStateProvince":"","_VenueLat":"","_VenueLng":"","_VenueShowMap":false,"_VenueShowMapLink":false,"_tribe_blocks_recurrence_rules":"","_tribe_blocks_recurrence_description":"","_tribe_blocks_recurrence_exclusions":"","footnotes":""},"class_list":["post-6035","page","type-page","status-publish","hentry"],"blocksy_meta":[],"acf":[],"meta_box":[],"_links":{"self":[{"href":"https:\/\/join-nxtgn.com\/en\/wp-json\/wp\/v2\/pages\/6035","targetHints":{"allow":["GET"]}}],"collection":[{"href":"https:\/\/join-nxtgn.com\/en\/wp-json\/wp\/v2\/pages"}],"about":[{"href":"https:\/\/join-nxtgn.com\/en\/wp-json\/wp\/v2\/types\/page"}],"author":[{"embeddable":true,"href":"https:\/\/join-nxtgn.com\/en\/wp-json\/wp\/v2\/users\/1"}],"replies":[{"embeddable":true,"href":"https:\/\/join-nxtgn.com\/en\/wp-json\/wp\/v2\/comments?post=6035"}],"version-history":[{"count":15,"href":"https:\/\/join-nxtgn.com\/en\/wp-json\/wp\/v2\/pages\/6035\/revisions"}],"predecessor-version":[{"id":33492,"href":"https:\/\/join-nxtgn.com\/en\/wp-json\/wp\/v2\/pages\/6035\/revisions\/33492"}],"wp:attachment":[{"href":"https:\/\/join-nxtgn.com\/en\/wp-json\/wp\/v2\/media?parent=6035"}],"curies":[{"name":"wp","href":"https:\/\/api.w.org\/{rel}","templated":true}]}}